{"id":228,"date":"2026-02-05T07:38:46","date_gmt":"2026-02-05T07:38:46","guid":{"rendered":"https:\/\/kemtrades.com\/wp\/home\/"},"modified":"2026-04-03T08:17:07","modified_gmt":"2026-04-03T08:17:07","slug":"home","status":"publish","type":"page","link":"https:\/\/kemtrades.com\/wp\/","title":{"rendered":"Home"},"content":{"rendered":"\n<p><\/p>\n\n\n\n<p><\/p>\n\n\n\n<h1 class=\"wp-block-heading has-text-align-center\"><strong>D\u1ecbch v\u1ee5 <\/strong><\/h1>\n\n\n\n<div class=\"wp-block-cover alignfull is-light hestia-clear-top-padding\"><span aria-hidden=\"true\" class=\"wp-block-cover__background has-white-background-color has-background-dim-100 has-background-dim\"><\/span><div class=\"wp-block-cover__inner-container is-layout-flow wp-block-cover-is-layout-flow\">\n<div class=\"wp-block-columns container is-layout-flex wp-container-core-columns-is-layout-28f84493 wp-block-columns-is-layout-flex\">\n<div class=\"wp-block-column is-layout-flow wp-block-column-is-layout-flow\"><div class=\"wp-block-image\">\n<figure class=\"aligncenter size-large is-resized\"><a href=\"https:\/\/kemtrades.com\/wp\/khoa-hoc-online\/\"><img fetchpriority=\"high\" decoding=\"async\" width=\"683\" height=\"1024\" src=\"https:\/\/kemtrades.com\/wp\/wp-content\/uploads\/2026\/04\/ChatGPT-Image-11_18_02-2-thg-4-2026-683x1024.png\" alt=\"\" class=\"wp-image-260\" style=\"aspect-ratio:0.6670072545213037;width:311px;height:auto\" srcset=\"https:\/\/kemtrades.com\/wp\/wp-content\/uploads\/2026\/04\/ChatGPT-Image-11_18_02-2-thg-4-2026-683x1024.png 683w, https:\/\/kemtrades.com\/wp\/wp-content\/uploads\/2026\/04\/ChatGPT-Image-11_18_02-2-thg-4-2026-200x300.png 200w, https:\/\/kemtrades.com\/wp\/wp-content\/uploads\/2026\/04\/ChatGPT-Image-11_18_02-2-thg-4-2026-768x1152.png 768w, https:\/\/kemtrades.com\/wp\/wp-content\/uploads\/2026\/04\/ChatGPT-Image-11_18_02-2-thg-4-2026.png 1024w\" sizes=\"(max-width: 683px) 100vw, 683px\" \/><\/a><\/figure>\n<\/div>\n\n\n<h5 class=\"wp-block-heading has-text-align-center has-text-color\" style=\"color:#3c4858;font-size:18px\">Kho\u00e1 h\u1ecdc Online<\/h5>\n\n\n\n<p class=\"has-text-align-center has-text-color\" style=\"color:#999999;font-size:14px\">Kh\u00f3a h\u1ecdc b\u00ean em \u0111\u01b0\u1ee3c x\u00e2y d\u1ef1ng \u0111\u1ec3 kh\u1eafc ph\u1ee5c ho\u00e0n to\u00e0n c\u00e1c v\u1ea5n \u0111\u1ec1 n\u00e0y b\u1eb1ng c\u00e1ch:<\/p>\n\n\n\n<p class=\"has-text-align-center has-text-color\" style=\"color:#999999;font-size:14px\">X\u00e2y \u0111\u01b0\u1ee3c h\u1ec7 th\u1ed1ng ph\u00e2n t\u00edch, qu\u1ea3n l\u00fd v\u1ed1n v\u00e0 t\u00e2m l\u00fd giao d\u1ecbch b\u00e0i b\u1ea3n. H\u1ec7 th\u1ed1ng l\u1ea1i to\u00e0n b\u1ed9 ki\u1ebfn th\u1ee9c c\u01a1 b\u1ea3n v\u00e0 n\u00e2ng cao v\u1ec1 giao d\u1ecbch v\u00e0ng FX.<\/p>\n\n\n\n<div style=\"height:25px\" aria-hidden=\"true\" class=\"wp-block-spacer\"><\/div>\n<\/div>\n\n\n\n<div class=\"wp-block-column is-layout-flow wp-block-column-is-layout-flow\"><div class=\"wp-block-image\">\n<figure class=\"aligncenter size-large is-resized\"><a href=\"https:\/\/kemtrades.com\/wp\/cong-dong-discord\/\"><img decoding=\"async\" width=\"683\" height=\"1024\" src=\"https:\/\/kemtrades.com\/wp\/wp-content\/uploads\/2026\/04\/Noi-dung-doan-van-ban-cua-ban-2-1-683x1024.png\" alt=\"\" class=\"wp-image-262\" style=\"aspect-ratio:0.6670072545213037;width:312px;height:auto\" srcset=\"https:\/\/kemtrades.com\/wp\/wp-content\/uploads\/2026\/04\/Noi-dung-doan-van-ban-cua-ban-2-1-683x1024.png 683w, https:\/\/kemtrades.com\/wp\/wp-content\/uploads\/2026\/04\/Noi-dung-doan-van-ban-cua-ban-2-1-200x300.png 200w, https:\/\/kemtrades.com\/wp\/wp-content\/uploads\/2026\/04\/Noi-dung-doan-van-ban-cua-ban-2-1-768x1152.png 768w, https:\/\/kemtrades.com\/wp\/wp-content\/uploads\/2026\/04\/Noi-dung-doan-van-ban-cua-ban-2-1.png 1024w\" sizes=\"(max-width: 683px) 100vw, 683px\" \/><\/a><\/figure>\n<\/div>\n\n\n<h5 class=\"wp-block-heading has-text-align-center has-text-color\" style=\"color:#3c4858;font-size:18px\">C\u1ed9ng \u0111\u1ed3ng Discord<\/h5>\n\n\n\n<p class=\"has-text-align-center has-text-color\" style=\"color:#999999;font-size:14px\">M\u1ee5c ti\u00eau l\u00e0 gi\u00fap c\u00e1c th\u00e0nh vi\u00ean n\u00e2ng cao kh\u1ea3 n\u0103ng: T\u1ef1 \u0111\u1ecdc th\u1ecb tr\u01b0\u1eddng, T\u1ef1 \u0111\u01b0a ra quy\u1ebft \u0111\u1ecbnh giao d\u1ecbch <\/p>\n\n\n\n<p class=\"has-text-align-center has-text-color\" style=\"color:#999999;font-size:14px\">Hi\u1ec7n t\u1ea1i c\u00f3 kho\u1ea3ng 60 th\u00e0nh vi\u00ean (t\u00ednh \u0111\u1ebfn 03\/2026),\u0111\u00e2y l\u00e0 m\u1ed9t m\u00f4i tr\u01b0\u1eddng n\u01a1i b\u1ea1n c\u00f3 th\u1ec3 c\u00f3 \u0111\u01b0\u1ee3c&nbsp;<strong>ki\u1ebfn th\u1ee9c \u2013 th\u00f4ng tin \u2013 v\u00e0 c\u1ea3 c\u1ed9ng \u0111\u1ed3ng<\/strong>.<\/p>\n\n\n\n<div style=\"height:25px\" aria-hidden=\"true\" class=\"wp-block-spacer\"><\/div>\n<\/div>\n<\/div>\n\n\n\n<div style=\"height:40px\" aria-hidden=\"true\" class=\"wp-block-spacer\"><\/div>\n<\/div><\/div>\n","protected":false},"excerpt":{"rendered":"<p>D\u1ecbch v\u1ee5<\/p>\n","protected":false},"author":1,"featured_media":0,"parent":0,"menu_order":0,"comment_status":"closed","ping_status":"closed","template":"","meta":{"pagelayer_contact_templates":[],"_pagelayer_content":"","_themeisle_gutenberg_block_has_review":false,"footnotes":""},"class_list":["post-228","page","type-page","status-publish","hentry"],"_links":{"self":[{"href":"https:\/\/kemtrades.com\/wp\/wp-json\/wp\/v2\/pages\/228","targetHints":{"allow":["GET"]}}],"collection":[{"href":"https:\/\/kemtrades.com\/wp\/wp-json\/wp\/v2\/pages"}],"about":[{"href":"https:\/\/kemtrades.com\/wp\/wp-json\/wp\/v2\/types\/page"}],"author":[{"embeddable":true,"href":"https:\/\/kemtrades.com\/wp\/wp-json\/wp\/v2\/users\/1"}],"replies":[{"embeddable":true,"href":"https:\/\/kemtrades.com\/wp\/wp-json\/wp\/v2\/comments?post=228"}],"version-history":[{"count":12,"href":"https:\/\/kemtrades.com\/wp\/wp-json\/wp\/v2\/pages\/228\/revisions"}],"predecessor-version":[{"id":309,"href":"https:\/\/kemtrades.com\/wp\/wp-json\/wp\/v2\/pages\/228\/revisions\/309"}],"wp:attachment":[{"href":"https:\/\/kemtrades.com\/wp\/wp-json\/wp\/v2\/media?parent=228"}],"curies":[{"name":"wp","href":"https:\/\/api.w.org\/{rel}","templated":true}]}}